{"id":2089,"date":"2026-03-24T23:52:10","date_gmt":"2026-03-24T23:52:10","guid":{"rendered":"https:\/\/aufersurfacetech.com\/contacto\/"},"modified":"2026-05-01T15:00:19","modified_gmt":"2026-05-01T15:00:19","slug":"contacto","status":"publish","type":"page","link":"https:\/\/aufersurfacetech.com\/es\/contacto\/","title":{"rendered":"Contacto"},"content":{"rendered":"\t\t<div data-elementor-type=\"wp-post\" data-elementor-id=\"2089\" class=\"elementor elementor-2089 elementor-1722\">\n\t\t\t\t<div class=\"elementor-element elementor-element-309192c e-grid e-con-boxed e-con e-parent\" data-id=\"309192c\" data-element_type=\"container\" data-e-type=\"container\" data-settings=\"{&quot;background_background&quot;:&quot;classic&quot;}\">\n\t\t\t\t\t<div class=\"e-con-inner\">\n\t\t\t\t\t<\/div>\n\t\t\t\t<\/div>\n\t\t<div class=\"elementor-element elementor-element-5720338 e-grid e-con-full e-con e-parent\" data-id=\"5720338\" data-element_type=\"container\" data-e-type=\"container\">\n\t\t\t\t<div class=\"elementor-element elementor-element-d6235d1 elementor-widget elementor-widget-heading\" data-id=\"d6235d1\" data-element_type=\"widget\" data-e-type=\"widget\" data-widget_type=\"heading.default\">\n\t\t\t\t<div class=\"elementor-widget-container\">\n\t\t\t\t\t<h1 class=\"elementor-heading-title elementor-size-default\">Contacte con nuestro equipo<\/h1>\t\t\t\t<\/div>\n\t\t\t\t<\/div>\n\t\t\t\t<\/div>\n\t\t<div class=\"elementor-element elementor-element-822220e e-grid e-con-boxed e-con e-parent\" data-id=\"822220e\" data-element_type=\"container\" data-e-type=\"container\">\n\t\t\t\t\t<div class=\"e-con-inner\">\n\t\t\t\t<div class=\"elementor-element elementor-element-99447f6 elementor-widget elementor-widget-text-editor\" data-id=\"99447f6\" data-element_type=\"widget\" data-e-type=\"widget\" data-widget_type=\"text-editor.default\">\n\t\t\t\t<div class=\"elementor-widget-container\">\n\t\t\t\t\t\t\t\t\t<p>Contacte con nuestro equipo t\u00e9cnico.<\/p><p>Tanto si est\u00e1 evaluando una soluci\u00f3n de tratamiento superficial para una nueva <br \/>l\u00ednea de producci\u00f3n como si desea mejorar los resultados de adhesi\u00f3n en un <br \/>proceso existente, nuestro equipo est\u00e1 a su disposici\u00f3n.<\/p><p>Trabajamos con industrias de converting en Espa\u00f1a, Francia y Portugal, <br \/>ofreciendo soporte t\u00e9cnico desde la evaluaci\u00f3n inicial hasta la integraci\u00f3n <br \/>del sistema y la optimizaci\u00f3n del proceso a largo plazo.<\/p><p>Cu\u00e9ntenos su aplicaci\u00f3n \u2014 el material, la geometr\u00eda, la velocidad de producci\u00f3n <br \/>y los problemas de adhesi\u00f3n actuales \u2014 y definiremos la soluci\u00f3n de tratamiento <br \/>por plasma o corona m\u00e1s adecuada para sus necesidades espec\u00edficas.<\/p><p>Como distribuidores oficiales de Keylink Technology en Espa\u00f1a, Francia y <br \/>Portugal, combinamos equipos industriales probados con experiencia de ingenier\u00eda <br \/>local y soporte t\u00e9cnico en planta.<\/p><p>Cont\u00e1ctenos por tel\u00e9fono, WhatsApp o correo electr\u00f3nico. Respondemos <br \/>habitualmente en un plazo de 24 horas en d\u00edas laborables.<\/p>\t\t\t\t\t\t\t\t<\/div>\n\t\t\t\t<\/div>\n\t\t\t\t\t<\/div>\n\t\t\t\t<\/div>\n\t\t<div class=\"elementor-element elementor-element-954980f e-flex e-con-boxed e-con e-parent\" data-id=\"954980f\" data-element_type=\"container\" data-e-type=\"container\">\n\t\t\t\t\t<div class=\"e-con-inner\">\n\t\t\t\t<div class=\"elementor-element elementor-element-fba76e3 elementor-widget elementor-widget-text-editor\" data-id=\"fba76e3\" data-element_type=\"widget\" data-e-type=\"widget\" data-widget_type=\"text-editor.default\">\n\t\t\t\t<div class=\"elementor-widget-container\">\n\t\t\t\t\t\t\t\t\t<p><strong>AUFER SURFACE TECH<\/strong><\/p><p>Ctra Molins de Rei, km 13, Nave 42<br>08191, Rubi, Barcelona<br>Espa\u00f1a<\/p><p>Una divisi\u00f3n de Aufer Solutions SL<\/p>\t\t\t\t\t\t\t\t<\/div>\n\t\t\t\t<\/div>\n\t\t\t\t<div class=\"elementor-element elementor-element-70378bf elementor-widget elementor-widget-google_maps\" data-id=\"70378bf\" data-element_type=\"widget\" data-e-type=\"widget\" data-widget_type=\"google_maps.default\">\n\t\t\t\t<div class=\"elementor-widget-container\">\n\t\t\t\t\t\t\t<div class=\"elementor-custom-embed\">\n\t\t\t<iframe loading=\"lazy\"\n\t\t\t\t\tsrc=\"https:\/\/maps.google.com\/maps?q=aufer%20solutions&#038;t=m&#038;z=10&#038;output=embed&#038;iwloc=near\"\n\t\t\t\t\ttitle=\"aufer solutions\"\n\t\t\t\t\taria-label=\"aufer solutions\"\n\t\t\t><\/iframe>\n\t\t<\/div>\n\t\t\t\t\t\t<\/div>\n\t\t\t\t<\/div>\n\t\t\t\t\t<\/div>\n\t\t\t\t<\/div>\n\t\t<div class=\"elementor-element elementor-element-1b66425 e-grid e-con-boxed e-con e-parent\" data-id=\"1b66425\" data-element_type=\"container\" data-e-type=\"container\">\n\t\t\t\t\t<div class=\"e-con-inner\">\n\t\t\t\t<div class=\"elementor-element elementor-element-4672377 elementor-align-center elementor-widget elementor-widget-button\" data-id=\"4672377\" data-element_type=\"widget\" data-e-type=\"widget\" data-widget_type=\"button.default\">\n\t\t\t\t<div class=\"elementor-widget-container\">\n\t\t\t\t\t\t\t\t\t<div class=\"elementor-button-wrapper\">\n\t\t\t\t\t<a class=\"elementor-button elementor-button-link elementor-size-sm\" href=\"#\">\n\t\t\t\t\t\t<span class=\"elementor-button-content-wrapper\">\n\t\t\t\t\t\t<span class=\"elementor-button-icon\">\n\t\t\t\t<i aria-hidden=\"true\" class=\"fas fa-phone-alt\"><\/i>\t\t\t<\/span>\n\t\t\t\t\t\t\t\t\t<span class=\"elementor-button-text\">+34 937128698<\/span>\n\t\t\t\t\t<\/span>\n\t\t\t\t\t<\/a>\n\t\t\t\t<\/div>\n\t\t\t\t\t\t\t\t<\/div>\n\t\t\t\t<\/div>\n\t\t\t\t<div class=\"elementor-element elementor-element-88119b4 elementor-align-center elementor-widget elementor-widget-button\" data-id=\"88119b4\" data-element_type=\"widget\" data-e-type=\"widget\" data-widget_type=\"button.default\">\n\t\t\t\t<div class=\"elementor-widget-container\">\n\t\t\t\t\t\t\t\t\t<div class=\"elementor-button-wrapper\">\n\t\t\t\t\t<a class=\"elementor-button elementor-button-link elementor-size-sm\" href=\"https:\/\/wa.me\/34663804052\">\n\t\t\t\t\t\t<span class=\"elementor-button-content-wrapper\">\n\t\t\t\t\t\t<span class=\"elementor-button-icon\">\n\t\t\t\t<i aria-hidden=\"true\" class=\"fab fa-whatsapp\"><\/i>\t\t\t<\/span>\n\t\t\t\t\t\t\t\t\t<span class=\"elementor-button-text\">+34 663804052<\/span>\n\t\t\t\t\t<\/span>\n\t\t\t\t\t<\/a>\n\t\t\t\t<\/div>\n\t\t\t\t\t\t\t\t<\/div>\n\t\t\t\t<\/div>\n\t\t\t\t\t<\/div>\n\t\t\t\t<\/div>\n\t\t<div class=\"elementor-element elementor-element-91f773d e-grid e-con-boxed e-con e-parent\" data-id=\"91f773d\" data-element_type=\"container\" data-e-type=\"container\">\n\t\t\t\t\t<div class=\"e-con-inner\">\n\t\t\t\t<div class=\"elementor-element elementor-element-68d88da elementor-align-center elementor-widget elementor-widget-button\" data-id=\"68d88da\" data-element_type=\"widget\" data-e-type=\"widget\" data-widget_type=\"button.default\">\n\t\t\t\t<div class=\"elementor-widget-container\">\n\t\t\t\t\t\t\t\t\t<div class=\"elementor-button-wrapper\">\n\t\t\t\t\t<a class=\"elementor-button elementor-button-link elementor-size-sm\" href=\"mailto:info@aufersurfacetech.com\">\n\t\t\t\t\t\t<span class=\"elementor-button-content-wrapper\">\n\t\t\t\t\t\t<span class=\"elementor-button-icon\">\n\t\t\t\t<i aria-hidden=\"true\" class=\"fas fa-mail-bulk\"><\/i>\t\t\t<\/span>\n\t\t\t\t\t\t\t\t\t<span class=\"elementor-button-text\">info@aufersurfacetech.com<\/span>\n\t\t\t\t\t<\/span>\n\t\t\t\t\t<\/a>\n\t\t\t\t<\/div>\n\t\t\t\t\t\t\t\t<\/div>\n\t\t\t\t<\/div>\n\t\t\t\t<div class=\"elementor-element elementor-element-f9b59df elementor-widget elementor-widget-text-editor\" data-id=\"f9b59df\" data-element_type=\"widget\" data-e-type=\"widget\" data-widget_type=\"text-editor.default\">\n\t\t\t\t<div class=\"elementor-widget-container\">\n\t\t\t\t\t\t\t\t\t<p>No dude en contactarnos \u2014 estaremos <br \/>encantados de evaluar su aplicaci\u00f3n y recomendar el enfoque de <br \/>tratamiento superficial m\u00e1s adecuado.<\/p>\t\t\t\t\t\t\t\t<\/div>\n\t\t\t\t<\/div>\n\t\t\t\t<div class=\"elementor-element elementor-element-a48c859 elementor-align-center elementor-widget elementor-widget-button\" data-id=\"a48c859\" data-element_type=\"widget\" data-e-type=\"widget\" data-widget_type=\"button.default\">\n\t\t\t\t<div class=\"elementor-widget-container\">\n\t\t\t\t\t\t\t\t\t<div class=\"elementor-button-wrapper\">\n\t\t\t\t\t<a class=\"elementor-button elementor-button-link elementor-size-sm\" href=\"https:\/\/aufersurfacetech.com\/es\/\">\n\t\t\t\t\t\t<span class=\"elementor-button-content-wrapper\">\n\t\t\t\t\t\t\t\t\t<span class=\"elementor-button-text\">Ir a Inicio<\/span>\n\t\t\t\t\t<\/span>\n\t\t\t\t\t<\/a>\n\t\t\t\t<\/div>\n\t\t\t\t\t\t\t\t<\/div>\n\t\t\t\t<\/div>\n\t\t\t\t\t<\/div>\n\t\t\t\t<\/div>\n\t\t<div class=\"elementor-element elementor-element-95bfbc3 e-grid e-con-boxed e-con e-parent\" data-id=\"95bfbc3\" data-element_type=\"container\" data-e-type=\"container\">\n\t\t\t\t\t<div class=\"e-con-inner\">\n\t\t\t\t<div class=\"elementor-element elementor-element-737eb2f elementor-widget elementor-widget-image\" data-id=\"737eb2f\" data-element_type=\"widget\" data-e-type=\"widget\" data-widget_type=\"image.default\">\n\t\t\t\t<div class=\"elementor-widget-container\">\n\t\t\t\t\t\t\t\t\t\t\t\t\t\t\t<img fetchpriority=\"high\" decoding=\"async\" width=\"1024\" height=\"683\" src=\"https:\/\/aufersurfacetech.com\/wp-content\/uploads\/2026\/03\/ChatGPT-Image-24-mar-2026-22_47_27.webp\" class=\"attachment-large size-large wp-image-2116\" alt=\"chatgpt image 24 mar 2026, 22 47 27\" \/>\t\t\t\t\t\t\t\t\t\t\t\t\t\t\t<\/div>\n\t\t\t\t<\/div>\n\t\t\t\t\t<\/div>\n\t\t\t\t<\/div>\n\t\t\t\t<\/div>\n\t\t","protected":false},"excerpt":{"rendered":"<p>Contacte con nuestro equipo Contacte con nuestro equipo t\u00e9cnico. Tanto si est\u00e1 evaluando una soluci\u00f3n de tratamiento superficial para una nueva l\u00ednea de producci\u00f3n como si desea mejorar los resultados de adhesi\u00f3n en un proceso existente, nuestro equipo est\u00e1 a su disposici\u00f3n. Trabajamos con industrias de converting en Espa\u00f1a, Francia y Portugal, ofreciendo soporte t\u00e9cnico [&hellip;]<\/p>\n","protected":false},"author":1,"featured_media":0,"parent":0,"menu_order":0,"comment_status":"closed","ping_status":"closed","template":"elementor_header_footer","meta":{"site-sidebar-layout":"no-sidebar","site-content-layout":"page-builder","ast-site-content-layout":"full-width-container","site-content-style":"unboxed","site-sidebar-style":"unboxed","ast-global-header-display":"","ast-banner-title-visibility":"","ast-main-header-display":"","ast-hfb-above-header-display":"","ast-hfb-below-header-display":"","ast-hfb-mobile-header-display":"","site-post-title":"","ast-breadcrumbs-content":"","ast-featured-img":"disabled","footer-sml-layout":"","ast-disable-related-posts":"","theme-transparent-header-meta":"enabled","adv-header-id-meta":"","stick-header-meta":"","header-above-stick-meta":"","header-main-stick-meta":"","header-below-stick-meta":"","astra-migrate-meta-layouts":"default","ast-page-background-enabled":"default","ast-page-background-meta":{"desktop":{"background-color":"","background-image":"","background-repeat":"repeat","background-position":"center center","background-size":"auto","background-attachment":"scroll","background-type":"","background-media":"","overlay-type":"","overlay-color":"","overlay-opacity":"","overlay-gradient":""},"tablet":{"background-color":"","background-image":"","background-repeat":"repeat","background-position":"center center","background-size":"auto","background-attachment":"scroll","background-type":"","background-media":"","overlay-type":"","overlay-color":"","overlay-opacity":"","overlay-gradient":""},"mobile":{"background-color":"","background-image":"","background-repeat":"repeat","background-position":"center center","background-size":"auto","background-attachment":"scroll","background-type":"","background-media":"","overlay-type":"","overlay-color":"","overlay-opacity":"","overlay-gradient":""}},"ast-content-background-meta":{"desktop":{"background-color":"var(--ast-global-color-5)","background-image":"","background-repeat":"repeat","background-position":"center center","background-size":"auto","background-attachment":"scroll","background-type":"","background-media":"","overlay-type":"","overlay-color":"","overlay-opacity":"","overlay-gradient":""},"tablet":{"background-color":"var(--ast-global-color-5)","background-image":"","background-repeat":"repeat","background-position":"center center","background-size":"auto","background-attachment":"scroll","background-type":"","background-media":"","overlay-type":"","overlay-color":"","overlay-opacity":"","overlay-gradient":""},"mobile":{"background-color":"var(--ast-global-color-5)","background-image":"","background-repeat":"repeat","background-position":"center center","background-size":"auto","background-attachment":"scroll","background-type":"","background-media":"","overlay-type":"","overlay-color":"","overlay-opacity":"","overlay-gradient":""}},"footnotes":""},"class_list":["post-2089","page","type-page","status-publish","hentry"],"yoast_head":"<!-- This site is optimized with the Yoast SEO Premium plugin v27.4 (Yoast SEO v27.4) - https:\/\/yoast.com\/product\/yoast-seo-premium-wordpress\/ -->\n<title>Contacto | Tratamiento superficial plasma y corona<\/title>\n<meta name=\"description\" content=\"P\u00f3ngase en contacto para soluciones industriales de tratamiento superficial mediante sistemas de plasma y corona.\" \/>\n<meta name=\"robots\" content=\"index, follow, max-snippet:-1, max-image-preview:large, max-video-preview:-1\" \/>\n<link rel=\"canonical\" href=\"https:\/\/aufersurfacetech.com\/es\/contacto\/\" \/>\n<meta property=\"og:locale\" content=\"es_ES\" \/>\n<meta property=\"og:type\" content=\"article\" \/>\n<meta property=\"og:title\" content=\"Contacto\" \/>\n<meta property=\"og:description\" content=\"P\u00f3ngase en contacto para soluciones industriales de tratamiento superficial mediante sistemas de plasma y corona.\" \/>\n<meta property=\"og:url\" content=\"https:\/\/aufersurfacetech.com\/es\/contacto\/\" \/>\n<meta property=\"og:site_name\" content=\"Aufer Surface Tech\" \/>\n<meta property=\"article:modified_time\" content=\"2026-05-01T15:00:19+00:00\" \/>\n<meta property=\"og:image\" content=\"https:\/\/aufersurfacetech.com\/wp-content\/uploads\/2026\/03\/ChatGPT-Image-24-mar-2026-22_47_27.webp\" \/>\n\t<meta property=\"og:image:width\" content=\"1536\" \/>\n\t<meta property=\"og:image:height\" content=\"1024\" \/>\n\t<meta property=\"og:image:type\" content=\"image\/webp\" \/>\n<meta name=\"twitter:card\" content=\"summary_large_image\" \/>\n<meta name=\"twitter:label1\" content=\"Tiempo de lectura\" \/>\n\t<meta name=\"twitter:data1\" content=\"2 minutos\" \/>\n<script type=\"application\/ld+json\" class=\"yoast-schema-graph\">{\"@context\":\"https:\\\/\\\/schema.org\",\"@graph\":[{\"@type\":\"Article\",\"@id\":\"https:\\\/\\\/aufersurfacetech.com\\\/es\\\/contacto\\\/#article\",\"isPartOf\":{\"@id\":\"https:\\\/\\\/aufersurfacetech.com\\\/es\\\/contacto\\\/\"},\"author\":{\"name\":\"admin\",\"@id\":\"https:\\\/\\\/aufersurfacetech.com\\\/es\\\/#\\\/schema\\\/person\\\/18aa42859e27b85873c3e524660a1477\"},\"headline\":\"Contacto\",\"datePublished\":\"2026-03-24T23:52:10+00:00\",\"dateModified\":\"2026-05-01T15:00:19+00:00\",\"mainEntityOfPage\":{\"@id\":\"https:\\\/\\\/aufersurfacetech.com\\\/es\\\/contacto\\\/\"},\"wordCount\":220,\"publisher\":{\"@id\":\"https:\\\/\\\/aufersurfacetech.com\\\/es\\\/#organization\"},\"image\":{\"@id\":\"https:\\\/\\\/aufersurfacetech.com\\\/es\\\/contacto\\\/#primaryimage\"},\"thumbnailUrl\":\"https:\\\/\\\/aufersurfacetech.com\\\/wp-content\\\/uploads\\\/2026\\\/03\\\/ChatGPT-Image-24-mar-2026-22_47_27.webp\",\"inLanguage\":\"es\"},{\"@type\":\"WebPage\",\"@id\":\"https:\\\/\\\/aufersurfacetech.com\\\/es\\\/contacto\\\/\",\"url\":\"https:\\\/\\\/aufersurfacetech.com\\\/es\\\/contacto\\\/\",\"name\":\"Contacto | Tratamiento superficial plasma y corona\",\"isPartOf\":{\"@id\":\"https:\\\/\\\/aufersurfacetech.com\\\/es\\\/#website\"},\"primaryImageOfPage\":{\"@id\":\"https:\\\/\\\/aufersurfacetech.com\\\/es\\\/contacto\\\/#primaryimage\"},\"image\":{\"@id\":\"https:\\\/\\\/aufersurfacetech.com\\\/es\\\/contacto\\\/#primaryimage\"},\"thumbnailUrl\":\"https:\\\/\\\/aufersurfacetech.com\\\/wp-content\\\/uploads\\\/2026\\\/03\\\/ChatGPT-Image-24-mar-2026-22_47_27.webp\",\"datePublished\":\"2026-03-24T23:52:10+00:00\",\"dateModified\":\"2026-05-01T15:00:19+00:00\",\"description\":\"P\u00f3ngase en contacto para soluciones industriales de tratamiento superficial mediante sistemas de plasma y corona.\",\"breadcrumb\":{\"@id\":\"https:\\\/\\\/aufersurfacetech.com\\\/es\\\/contacto\\\/#breadcrumb\"},\"inLanguage\":\"es\",\"potentialAction\":[{\"@type\":\"ReadAction\",\"target\":[\"https:\\\/\\\/aufersurfacetech.com\\\/es\\\/contacto\\\/\"]}]},{\"@type\":\"ImageObject\",\"inLanguage\":\"es\",\"@id\":\"https:\\\/\\\/aufersurfacetech.com\\\/es\\\/contacto\\\/#primaryimage\",\"url\":\"https:\\\/\\\/aufersurfacetech.com\\\/wp-content\\\/uploads\\\/2026\\\/03\\\/ChatGPT-Image-24-mar-2026-22_47_27.webp\",\"contentUrl\":\"https:\\\/\\\/aufersurfacetech.com\\\/wp-content\\\/uploads\\\/2026\\\/03\\\/ChatGPT-Image-24-mar-2026-22_47_27.webp\"},{\"@type\":\"BreadcrumbList\",\"@id\":\"https:\\\/\\\/aufersurfacetech.com\\\/es\\\/contacto\\\/#breadcrumb\",\"itemListElement\":[{\"@type\":\"ListItem\",\"position\":1,\"name\":\"Portada\",\"item\":\"https:\\\/\\\/aufersurfacetech.com\\\/es\\\/\"},{\"@type\":\"ListItem\",\"position\":2,\"name\":\"Contacto\"}]},{\"@type\":\"WebSite\",\"@id\":\"https:\\\/\\\/aufersurfacetech.com\\\/es\\\/#website\",\"url\":\"https:\\\/\\\/aufersurfacetech.com\\\/es\\\/\",\"name\":\"Aufer Surface Tech\",\"description\":\"Tratamiento de superficies corona y plasma\",\"publisher\":{\"@id\":\"https:\\\/\\\/aufersurfacetech.com\\\/es\\\/#organization\"},\"potentialAction\":[{\"@type\":\"SearchAction\",\"target\":{\"@type\":\"EntryPoint\",\"urlTemplate\":\"https:\\\/\\\/aufersurfacetech.com\\\/es\\\/?s={search_term_string}\"},\"query-input\":{\"@type\":\"PropertyValueSpecification\",\"valueRequired\":true,\"valueName\":\"search_term_string\"}}],\"inLanguage\":\"es\"},{\"@type\":\"Organization\",\"@id\":\"https:\\\/\\\/aufersurfacetech.com\\\/es\\\/#organization\",\"name\":\"Aufer Surface Tech\",\"url\":\"https:\\\/\\\/aufersurfacetech.com\\\/es\\\/\",\"logo\":{\"@type\":\"ImageObject\",\"inLanguage\":\"es\",\"@id\":\"https:\\\/\\\/aufersurfacetech.com\\\/es\\\/#\\\/schema\\\/logo\\\/image\\\/\",\"url\":\"https:\\\/\\\/aufersurfacetech.com\\\/wp-content\\\/uploads\\\/2026\\\/03\\\/cropped-aufer_logo_transparent.png\",\"contentUrl\":\"https:\\\/\\\/aufersurfacetech.com\\\/wp-content\\\/uploads\\\/2026\\\/03\\\/cropped-aufer_logo_transparent.png\",\"width\":2007,\"height\":668,\"caption\":\"Aufer Surface Tech\"},\"image\":{\"@id\":\"https:\\\/\\\/aufersurfacetech.com\\\/es\\\/#\\\/schema\\\/logo\\\/image\\\/\"}},{\"@type\":\"Person\",\"@id\":\"https:\\\/\\\/aufersurfacetech.com\\\/es\\\/#\\\/schema\\\/person\\\/18aa42859e27b85873c3e524660a1477\",\"name\":\"admin\",\"image\":{\"@type\":\"ImageObject\",\"inLanguage\":\"es\",\"@id\":\"https:\\\/\\\/secure.gravatar.com\\\/avatar\\\/7f6f52f2ad1ac664636cd8fac12884d756a225e9f7d0ca747b72b777b2a96f2a?s=96&d=mm&r=g\",\"url\":\"https:\\\/\\\/secure.gravatar.com\\\/avatar\\\/7f6f52f2ad1ac664636cd8fac12884d756a225e9f7d0ca747b72b777b2a96f2a?s=96&d=mm&r=g\",\"contentUrl\":\"https:\\\/\\\/secure.gravatar.com\\\/avatar\\\/7f6f52f2ad1ac664636cd8fac12884d756a225e9f7d0ca747b72b777b2a96f2a?s=96&d=mm&r=g\",\"caption\":\"admin\"},\"sameAs\":[\"https:\\\/\\\/aufersurfacetech.com\"],\"url\":\"https:\\\/\\\/aufersurfacetech.com\\\/es\\\/author\\\/admin_yg18sihw\\\/\"}]}<\/script>\n<!-- \/ Yoast SEO Premium plugin. -->","yoast_head_json":{"title":"Contacto | Tratamiento superficial plasma y corona","description":"P\u00f3ngase en contacto para soluciones industriales de tratamiento superficial mediante sistemas de plasma y corona.","robots":{"index":"index","follow":"follow","max-snippet":"max-snippet:-1","max-image-preview":"max-image-preview:large","max-video-preview":"max-video-preview:-1"},"canonical":"https:\/\/aufersurfacetech.com\/es\/contacto\/","og_locale":"es_ES","og_type":"article","og_title":"Contacto","og_description":"P\u00f3ngase en contacto para soluciones industriales de tratamiento superficial mediante sistemas de plasma y corona.","og_url":"https:\/\/aufersurfacetech.com\/es\/contacto\/","og_site_name":"Aufer Surface Tech","article_modified_time":"2026-05-01T15:00:19+00:00","og_image":[{"width":1536,"height":1024,"url":"https:\/\/aufersurfacetech.com\/wp-content\/uploads\/2026\/03\/ChatGPT-Image-24-mar-2026-22_47_27.webp","type":"image\/webp"}],"twitter_card":"summary_large_image","twitter_misc":{"Tiempo de lectura":"2 minutos"},"schema":{"@context":"https:\/\/schema.org","@graph":[{"@type":"Article","@id":"https:\/\/aufersurfacetech.com\/es\/contacto\/#article","isPartOf":{"@id":"https:\/\/aufersurfacetech.com\/es\/contacto\/"},"author":{"name":"admin","@id":"https:\/\/aufersurfacetech.com\/es\/#\/schema\/person\/18aa42859e27b85873c3e524660a1477"},"headline":"Contacto","datePublished":"2026-03-24T23:52:10+00:00","dateModified":"2026-05-01T15:00:19+00:00","mainEntityOfPage":{"@id":"https:\/\/aufersurfacetech.com\/es\/contacto\/"},"wordCount":220,"publisher":{"@id":"https:\/\/aufersurfacetech.com\/es\/#organization"},"image":{"@id":"https:\/\/aufersurfacetech.com\/es\/contacto\/#primaryimage"},"thumbnailUrl":"https:\/\/aufersurfacetech.com\/wp-content\/uploads\/2026\/03\/ChatGPT-Image-24-mar-2026-22_47_27.webp","inLanguage":"es"},{"@type":"WebPage","@id":"https:\/\/aufersurfacetech.com\/es\/contacto\/","url":"https:\/\/aufersurfacetech.com\/es\/contacto\/","name":"Contacto | Tratamiento superficial plasma y corona","isPartOf":{"@id":"https:\/\/aufersurfacetech.com\/es\/#website"},"primaryImageOfPage":{"@id":"https:\/\/aufersurfacetech.com\/es\/contacto\/#primaryimage"},"image":{"@id":"https:\/\/aufersurfacetech.com\/es\/contacto\/#primaryimage"},"thumbnailUrl":"https:\/\/aufersurfacetech.com\/wp-content\/uploads\/2026\/03\/ChatGPT-Image-24-mar-2026-22_47_27.webp","datePublished":"2026-03-24T23:52:10+00:00","dateModified":"2026-05-01T15:00:19+00:00","description":"P\u00f3ngase en contacto para soluciones industriales de tratamiento superficial mediante sistemas de plasma y corona.","breadcrumb":{"@id":"https:\/\/aufersurfacetech.com\/es\/contacto\/#breadcrumb"},"inLanguage":"es","potentialAction":[{"@type":"ReadAction","target":["https:\/\/aufersurfacetech.com\/es\/contacto\/"]}]},{"@type":"ImageObject","inLanguage":"es","@id":"https:\/\/aufersurfacetech.com\/es\/contacto\/#primaryimage","url":"https:\/\/aufersurfacetech.com\/wp-content\/uploads\/2026\/03\/ChatGPT-Image-24-mar-2026-22_47_27.webp","contentUrl":"https:\/\/aufersurfacetech.com\/wp-content\/uploads\/2026\/03\/ChatGPT-Image-24-mar-2026-22_47_27.webp"},{"@type":"BreadcrumbList","@id":"https:\/\/aufersurfacetech.com\/es\/contacto\/#breadcrumb","itemListElement":[{"@type":"ListItem","position":1,"name":"Portada","item":"https:\/\/aufersurfacetech.com\/es\/"},{"@type":"ListItem","position":2,"name":"Contacto"}]},{"@type":"WebSite","@id":"https:\/\/aufersurfacetech.com\/es\/#website","url":"https:\/\/aufersurfacetech.com\/es\/","name":"Aufer Surface Tech","description":"Tratamiento de superficies corona y plasma","publisher":{"@id":"https:\/\/aufersurfacetech.com\/es\/#organization"},"potentialAction":[{"@type":"SearchAction","target":{"@type":"EntryPoint","urlTemplate":"https:\/\/aufersurfacetech.com\/es\/?s={search_term_string}"},"query-input":{"@type":"PropertyValueSpecification","valueRequired":true,"valueName":"search_term_string"}}],"inLanguage":"es"},{"@type":"Organization","@id":"https:\/\/aufersurfacetech.com\/es\/#organization","name":"Aufer Surface Tech","url":"https:\/\/aufersurfacetech.com\/es\/","logo":{"@type":"ImageObject","inLanguage":"es","@id":"https:\/\/aufersurfacetech.com\/es\/#\/schema\/logo\/image\/","url":"https:\/\/aufersurfacetech.com\/wp-content\/uploads\/2026\/03\/cropped-aufer_logo_transparent.png","contentUrl":"https:\/\/aufersurfacetech.com\/wp-content\/uploads\/2026\/03\/cropped-aufer_logo_transparent.png","width":2007,"height":668,"caption":"Aufer Surface Tech"},"image":{"@id":"https:\/\/aufersurfacetech.com\/es\/#\/schema\/logo\/image\/"}},{"@type":"Person","@id":"https:\/\/aufersurfacetech.com\/es\/#\/schema\/person\/18aa42859e27b85873c3e524660a1477","name":"admin","image":{"@type":"ImageObject","inLanguage":"es","@id":"https:\/\/secure.gravatar.com\/avatar\/7f6f52f2ad1ac664636cd8fac12884d756a225e9f7d0ca747b72b777b2a96f2a?s=96&d=mm&r=g","url":"https:\/\/secure.gravatar.com\/avatar\/7f6f52f2ad1ac664636cd8fac12884d756a225e9f7d0ca747b72b777b2a96f2a?s=96&d=mm&r=g","contentUrl":"https:\/\/secure.gravatar.com\/avatar\/7f6f52f2ad1ac664636cd8fac12884d756a225e9f7d0ca747b72b777b2a96f2a?s=96&d=mm&r=g","caption":"admin"},"sameAs":["https:\/\/aufersurfacetech.com"],"url":"https:\/\/aufersurfacetech.com\/es\/author\/admin_yg18sihw\/"}]}},"_links":{"self":[{"href":"https:\/\/aufersurfacetech.com\/es\/wp-json\/wp\/v2\/pages\/2089","targetHints":{"allow":["GET"]}}],"collection":[{"href":"https:\/\/aufersurfacetech.com\/es\/wp-json\/wp\/v2\/pages"}],"about":[{"href":"https:\/\/aufersurfacetech.com\/es\/wp-json\/wp\/v2\/types\/page"}],"author":[{"embeddable":true,"href":"https:\/\/aufersurfacetech.com\/es\/wp-json\/wp\/v2\/users\/1"}],"replies":[{"embeddable":true,"href":"https:\/\/aufersurfacetech.com\/es\/wp-json\/wp\/v2\/comments?post=2089"}],"version-history":[{"count":56,"href":"https:\/\/aufersurfacetech.com\/es\/wp-json\/wp\/v2\/pages\/2089\/revisions"}],"predecessor-version":[{"id":2538,"href":"https:\/\/aufersurfacetech.com\/es\/wp-json\/wp\/v2\/pages\/2089\/revisions\/2538"}],"wp:attachment":[{"href":"https:\/\/aufersurfacetech.com\/es\/wp-json\/wp\/v2\/media?parent=2089"}],"curies":[{"name":"wp","href":"https:\/\/api.w.org\/{rel}","templated":true}]}}