{"id":2092,"date":"2026-03-24T23:52:10","date_gmt":"2026-03-24T23:52:10","guid":{"rendered":"https:\/\/aufersurfacetech.com\/contact\/"},"modified":"2026-05-01T15:05:26","modified_gmt":"2026-05-01T15:05:26","slug":"contact","status":"publish","type":"page","link":"https:\/\/aufersurfacetech.com\/fr\/contact\/","title":{"rendered":"Contact"},"content":{"rendered":"\t\t<div data-elementor-type=\"wp-post\" data-elementor-id=\"2092\" class=\"elementor elementor-2092 elementor-1722\">\n\t\t\t\t<div class=\"elementor-element elementor-element-309192c e-grid e-con-boxed e-con e-parent\" data-id=\"309192c\" data-element_type=\"container\" data-e-type=\"container\" data-settings=\"{&quot;background_background&quot;:&quot;classic&quot;}\">\n\t\t\t\t\t<div class=\"e-con-inner\">\n\t\t\t\t\t<\/div>\n\t\t\t\t<\/div>\n\t\t<div class=\"elementor-element elementor-element-5720338 e-grid e-con-boxed e-con e-parent\" data-id=\"5720338\" data-element_type=\"container\" data-e-type=\"container\">\n\t\t\t\t\t<div class=\"e-con-inner\">\n\t\t\t\t<div class=\"elementor-element elementor-element-d6235d1 elementor-widget elementor-widget-heading\" data-id=\"d6235d1\" data-element_type=\"widget\" data-e-type=\"widget\" data-widget_type=\"heading.default\">\n\t\t\t\t<div class=\"elementor-widget-container\">\n\t\t\t\t\t<h1 class=\"elementor-heading-title elementor-size-default\">Contactez notre \u00e9quipe<\/h1>\t\t\t\t<\/div>\n\t\t\t\t<\/div>\n\t\t\t\t\t<\/div>\n\t\t\t\t<\/div>\n\t\t<div class=\"elementor-element elementor-element-38e018f e-grid e-con-boxed e-con e-parent\" data-id=\"38e018f\" data-element_type=\"container\" data-e-type=\"container\">\n\t\t\t\t\t<div class=\"e-con-inner\">\n\t\t\t\t<div class=\"elementor-element elementor-element-d640e75 elementor-widget elementor-widget-text-editor\" data-id=\"d640e75\" data-element_type=\"widget\" data-e-type=\"widget\" data-widget_type=\"text-editor.default\">\n\t\t\t\t<div class=\"elementor-widget-container\">\n\t\t\t\t\t\t\t\t\t<p>Contactez notre \u00e9quipe technique<\/p><p>Que vous \u00e9valuiez une solution de traitement de surface pour une nouvelle ligne <br \/>de production ou que vous souhaitiez am\u00e9liorer les r\u00e9sultats d&rsquo;adh\u00e9sion sur un <br \/>processus existant, notre \u00e9quipe est \u00e0 votre disposition.<\/p><p>Nous travaillons avec des industries de transformation en Espagne, en France et <br \/>au Portugal, en fournissant un support technique depuis l&rsquo;\u00e9valuation initiale <br \/>jusqu&rsquo;\u00e0 l&rsquo;int\u00e9gration du syst\u00e8me et l&rsquo;optimisation du processus \u00e0 long terme.<\/p><p>Parlez-nous de votre application \u2014 le mat\u00e9riau, la g\u00e9om\u00e9trie, la vitesse de <br \/>production et les probl\u00e8mes d&rsquo;adh\u00e9sion actuels \u2014 et nous d\u00e9finirons la solution <br \/>de traitement plasma ou corona la plus adapt\u00e9e \u00e0 vos besoins sp\u00e9cifiques.<\/p><p>En tant que distributeur officiel de Keylink Technology en Espagne, en France <br \/>et au Portugal, nous combinons des \u00e9quipements industriels \u00e9prouv\u00e9s avec une <br \/>expertise en ing\u00e9nierie locale et un support technique sur site.<\/p><p>Contactez-nous par t\u00e9l\u00e9phone, WhatsApp ou e-mail. Nous r\u00e9pondons g\u00e9n\u00e9ralement <br \/>dans un d\u00e9lai de 24 heures les jours ouvrables.<\/p><p>\u00a0<\/p>\t\t\t\t\t\t\t\t<\/div>\n\t\t\t\t<\/div>\n\t\t\t\t\t<\/div>\n\t\t\t\t<\/div>\n\t\t<div class=\"elementor-element elementor-element-954980f e-flex e-con-boxed e-con e-parent\" data-id=\"954980f\" data-element_type=\"container\" data-e-type=\"container\">\n\t\t\t\t\t<div class=\"e-con-inner\">\n\t\t\t\t<div class=\"elementor-element elementor-element-fba76e3 elementor-widget elementor-widget-text-editor\" data-id=\"fba76e3\" data-element_type=\"widget\" data-e-type=\"widget\" data-widget_type=\"text-editor.default\">\n\t\t\t\t<div class=\"elementor-widget-container\">\n\t\t\t\t\t\t\t\t\t<p><strong>AUFER SURFACE TECH<\/strong><\/p><p>Ctra Molins de Rei, km 13, Nave 42<br>08191, Rubi, Barcelona<br>Espagne<\/p><p>Une division d\u2019Aufer Solutions SL<\/p>\t\t\t\t\t\t\t\t<\/div>\n\t\t\t\t<\/div>\n\t\t\t\t<div class=\"elementor-element elementor-element-70378bf elementor-widget elementor-widget-google_maps\" data-id=\"70378bf\" data-element_type=\"widget\" data-e-type=\"widget\" data-widget_type=\"google_maps.default\">\n\t\t\t\t<div class=\"elementor-widget-container\">\n\t\t\t\t\t\t\t<div class=\"elementor-custom-embed\">\n\t\t\t<iframe loading=\"lazy\"\n\t\t\t\t\tsrc=\"https:\/\/maps.google.com\/maps?q=aufer%20solutions&#038;t=m&#038;z=10&#038;output=embed&#038;iwloc=near\"\n\t\t\t\t\ttitle=\"aufer solutions\"\n\t\t\t\t\taria-label=\"aufer solutions\"\n\t\t\t><\/iframe>\n\t\t<\/div>\n\t\t\t\t\t\t<\/div>\n\t\t\t\t<\/div>\n\t\t\t\t\t<\/div>\n\t\t\t\t<\/div>\n\t\t<div class=\"elementor-element elementor-element-1b66425 e-grid e-con-boxed e-con e-parent\" data-id=\"1b66425\" data-element_type=\"container\" data-e-type=\"container\">\n\t\t\t\t\t<div class=\"e-con-inner\">\n\t\t\t\t<div class=\"elementor-element elementor-element-4672377 elementor-align-center elementor-widget elementor-widget-button\" data-id=\"4672377\" data-element_type=\"widget\" data-e-type=\"widget\" data-widget_type=\"button.default\">\n\t\t\t\t<div class=\"elementor-widget-container\">\n\t\t\t\t\t\t\t\t\t<div class=\"elementor-button-wrapper\">\n\t\t\t\t\t<a class=\"elementor-button elementor-button-link elementor-size-sm\" href=\"#\">\n\t\t\t\t\t\t<span class=\"elementor-button-content-wrapper\">\n\t\t\t\t\t\t<span class=\"elementor-button-icon\">\n\t\t\t\t<i aria-hidden=\"true\" class=\"fas fa-phone-alt\"><\/i>\t\t\t<\/span>\n\t\t\t\t\t\t\t\t\t<span class=\"elementor-button-text\">+34 937128698<\/span>\n\t\t\t\t\t<\/span>\n\t\t\t\t\t<\/a>\n\t\t\t\t<\/div>\n\t\t\t\t\t\t\t\t<\/div>\n\t\t\t\t<\/div>\n\t\t\t\t<div class=\"elementor-element elementor-element-88119b4 elementor-align-center elementor-widget elementor-widget-button\" data-id=\"88119b4\" data-element_type=\"widget\" data-e-type=\"widget\" data-widget_type=\"button.default\">\n\t\t\t\t<div class=\"elementor-widget-container\">\n\t\t\t\t\t\t\t\t\t<div class=\"elementor-button-wrapper\">\n\t\t\t\t\t<a class=\"elementor-button elementor-button-link elementor-size-sm\" href=\"https:\/\/wa.me\/34663804052\">\n\t\t\t\t\t\t<span class=\"elementor-button-content-wrapper\">\n\t\t\t\t\t\t<span class=\"elementor-button-icon\">\n\t\t\t\t<i aria-hidden=\"true\" class=\"fab fa-whatsapp\"><\/i>\t\t\t<\/span>\n\t\t\t\t\t\t\t\t\t<span class=\"elementor-button-text\">+34 663804052<\/span>\n\t\t\t\t\t<\/span>\n\t\t\t\t\t<\/a>\n\t\t\t\t<\/div>\n\t\t\t\t\t\t\t\t<\/div>\n\t\t\t\t<\/div>\n\t\t\t\t\t<\/div>\n\t\t\t\t<\/div>\n\t\t<div class=\"elementor-element elementor-element-91f773d e-grid e-con-boxed e-con e-parent\" data-id=\"91f773d\" data-element_type=\"container\" data-e-type=\"container\">\n\t\t\t\t\t<div class=\"e-con-inner\">\n\t\t\t\t<div class=\"elementor-element elementor-element-68d88da elementor-align-center elementor-widget elementor-widget-button\" data-id=\"68d88da\" data-element_type=\"widget\" data-e-type=\"widget\" data-widget_type=\"button.default\">\n\t\t\t\t<div class=\"elementor-widget-container\">\n\t\t\t\t\t\t\t\t\t<div class=\"elementor-button-wrapper\">\n\t\t\t\t\t<a class=\"elementor-button elementor-button-link elementor-size-sm\" href=\"mailto:info@aufersurfacetech.com\">\n\t\t\t\t\t\t<span class=\"elementor-button-content-wrapper\">\n\t\t\t\t\t\t<span class=\"elementor-button-icon\">\n\t\t\t\t<i aria-hidden=\"true\" class=\"fas fa-mail-bulk\"><\/i>\t\t\t<\/span>\n\t\t\t\t\t\t\t\t\t<span class=\"elementor-button-text\">info@aufersurfacetech.com<\/span>\n\t\t\t\t\t<\/span>\n\t\t\t\t\t<\/a>\n\t\t\t\t<\/div>\n\t\t\t\t\t\t\t\t<\/div>\n\t\t\t\t<\/div>\n\t\t\t\t<div class=\"elementor-element elementor-element-71abbad elementor-widget elementor-widget-text-editor\" data-id=\"71abbad\" data-element_type=\"widget\" data-e-type=\"widget\" data-widget_type=\"text-editor.default\">\n\t\t\t\t<div class=\"elementor-widget-container\">\n\t\t\t\t\t\t\t\t\t<p>N&rsquo;h\u00e9sitez pas \u00e0 nous <br \/>contacter \u2014 nous serons heureux d&rsquo;\u00e9valuer votre application et de <br \/>recommander l&rsquo;approche de traitement de surface la plus efficace<\/p>\t\t\t\t\t\t\t\t<\/div>\n\t\t\t\t<\/div>\n\t\t\t\t<div class=\"elementor-element elementor-element-b6fb991 elementor-align-center elementor-widget elementor-widget-button\" data-id=\"b6fb991\" data-element_type=\"widget\" data-e-type=\"widget\" data-widget_type=\"button.default\">\n\t\t\t\t<div class=\"elementor-widget-container\">\n\t\t\t\t\t\t\t\t\t<div class=\"elementor-button-wrapper\">\n\t\t\t\t\t<a class=\"elementor-button elementor-button-link elementor-size-sm\" href=\"https:\/\/aufersurfacetech.com\/es\/\">\n\t\t\t\t\t\t<span class=\"elementor-button-content-wrapper\">\n\t\t\t\t\t\t\t\t\t<span class=\"elementor-button-text\">Retour \u00e0 l'accueil<\/span>\n\t\t\t\t\t<\/span>\n\t\t\t\t\t<\/a>\n\t\t\t\t<\/div>\n\t\t\t\t\t\t\t\t<\/div>\n\t\t\t\t<\/div>\n\t\t\t\t\t<\/div>\n\t\t\t\t<\/div>\n\t\t<div class=\"elementor-element elementor-element-e9f637e e-grid e-con-boxed e-con e-parent\" data-id=\"e9f637e\" data-element_type=\"container\" data-e-type=\"container\">\n\t\t\t\t\t<div class=\"e-con-inner\">\n\t\t\t\t<div class=\"elementor-element elementor-element-5398c0a elementor-widget elementor-widget-image\" data-id=\"5398c0a\" data-element_type=\"widget\" data-e-type=\"widget\" data-widget_type=\"image.default\">\n\t\t\t\t<div class=\"elementor-widget-container\">\n\t\t\t\t\t\t\t\t\t\t\t\t\t\t\t<img fetchpriority=\"high\" decoding=\"async\" width=\"1024\" height=\"683\" src=\"https:\/\/aufersurfacetech.com\/wp-content\/uploads\/2026\/03\/ChatGPT-Image-24-mar-2026-22_47_27.webp\" class=\"attachment-large size-large wp-image-2132\" alt=\"chatgpt image 24 mar 2026, 22 47 27\" \/>\t\t\t\t\t\t\t\t\t\t\t\t\t\t\t<\/div>\n\t\t\t\t<\/div>\n\t\t\t\t\t<\/div>\n\t\t\t\t<\/div>\n\t\t\t\t<\/div>\n\t\t","protected":false},"excerpt":{"rendered":"<p>Contactez notre \u00e9quipe Contactez notre \u00e9quipe technique Que vous \u00e9valuiez une solution de traitement de surface pour une nouvelle ligne de production ou que vous souhaitiez am\u00e9liorer les r\u00e9sultats d&rsquo;adh\u00e9sion sur un processus existant, notre \u00e9quipe est \u00e0 votre disposition. Nous travaillons avec des industries de transformation en Espagne, en France et au Portugal, en [&hellip;]<\/p>\n","protected":false},"author":1,"featured_media":0,"parent":0,"menu_order":0,"comment_status":"closed","ping_status":"closed","template":"elementor_header_footer","meta":{"site-sidebar-layout":"no-sidebar","site-content-layout":"page-builder","ast-site-content-layout":"full-width-container","site-content-style":"unboxed","site-sidebar-style":"unboxed","ast-global-header-display":"","ast-banner-title-visibility":"","ast-main-header-display":"","ast-hfb-above-header-display":"","ast-hfb-below-header-display":"","ast-hfb-mobile-header-display":"","site-post-title":"","ast-breadcrumbs-content":"","ast-featured-img":"disabled","footer-sml-layout":"","ast-disable-related-posts":"","theme-transparent-header-meta":"enabled","adv-header-id-meta":"","stick-header-meta":"","header-above-stick-meta":"","header-main-stick-meta":"","header-below-stick-meta":"","astra-migrate-meta-layouts":"default","ast-page-background-enabled":"default","ast-page-background-meta":{"desktop":{"background-color":"","background-image":"","background-repeat":"repeat","background-position":"center center","background-size":"auto","background-attachment":"scroll","background-type":"","background-media":"","overlay-type":"","overlay-color":"","overlay-opacity":"","overlay-gradient":""},"tablet":{"background-color":"","background-image":"","background-repeat":"repeat","background-position":"center center","background-size":"auto","background-attachment":"scroll","background-type":"","background-media":"","overlay-type":"","overlay-color":"","overlay-opacity":"","overlay-gradient":""},"mobile":{"background-color":"","background-image":"","background-repeat":"repeat","background-position":"center center","background-size":"auto","background-attachment":"scroll","background-type":"","background-media":"","overlay-type":"","overlay-color":"","overlay-opacity":"","overlay-gradient":""}},"ast-content-background-meta":{"desktop":{"background-color":"var(--ast-global-color-5)","background-image":"","background-repeat":"repeat","background-position":"center center","background-size":"auto","background-attachment":"scroll","background-type":"","background-media":"","overlay-type":"","overlay-color":"","overlay-opacity":"","overlay-gradient":""},"tablet":{"background-color":"var(--ast-global-color-5)","background-image":"","background-repeat":"repeat","background-position":"center center","background-size":"auto","background-attachment":"scroll","background-type":"","background-media":"","overlay-type":"","overlay-color":"","overlay-opacity":"","overlay-gradient":""},"mobile":{"background-color":"var(--ast-global-color-5)","background-image":"","background-repeat":"repeat","background-position":"center center","background-size":"auto","background-attachment":"scroll","background-type":"","background-media":"","overlay-type":"","overlay-color":"","overlay-opacity":"","overlay-gradient":""}},"footnotes":""},"class_list":["post-2092","page","type-page","status-publish","hentry"],"yoast_head":"<!-- This site is optimized with the Yoast SEO Premium plugin v27.4 (Yoast SEO v27.4) - https:\/\/yoast.com\/product\/yoast-seo-premium-wordpress\/ -->\n<title>Contact | Syst\u00e8mes de traitement de surface plasma et corona<\/title>\n<meta name=\"description\" content=\"Contactez notre \u00e9quipe pour des solutions industrielles de traitement de surface utilisant des syst\u00e8mes plasma et corona.\" \/>\n<meta name=\"robots\" content=\"index, follow, max-snippet:-1, max-image-preview:large, max-video-preview:-1\" \/>\n<link rel=\"canonical\" href=\"https:\/\/aufersurfacetech.com\/fr\/contact\/\" \/>\n<meta property=\"og:locale\" content=\"fr_FR\" \/>\n<meta property=\"og:type\" content=\"article\" \/>\n<meta property=\"og:title\" content=\"Contact\" \/>\n<meta property=\"og:description\" content=\"Contactez notre \u00e9quipe pour des solutions industrielles de traitement de surface utilisant des syst\u00e8mes plasma et corona.\" \/>\n<meta property=\"og:url\" content=\"https:\/\/aufersurfacetech.com\/fr\/contact\/\" \/>\n<meta property=\"og:site_name\" content=\"Aufer Surface Tech\" \/>\n<meta property=\"article:modified_time\" content=\"2026-05-01T15:05:26+00:00\" \/>\n<meta property=\"og:image\" content=\"https:\/\/aufersurfacetech.com\/wp-content\/uploads\/2026\/03\/ChatGPT-Image-24-mar-2026-22_47_27.webp\" \/>\n\t<meta property=\"og:image:width\" content=\"1536\" \/>\n\t<meta property=\"og:image:height\" content=\"1024\" \/>\n\t<meta property=\"og:image:type\" content=\"image\/webp\" \/>\n<meta name=\"twitter:card\" content=\"summary_large_image\" \/>\n<meta name=\"twitter:label1\" content=\"Dur\u00e9e de lecture estim\u00e9e\" \/>\n\t<meta name=\"twitter:data1\" content=\"2 minutes\" \/>\n<script type=\"application\/ld+json\" class=\"yoast-schema-graph\">{\"@context\":\"https:\\\/\\\/schema.org\",\"@graph\":[{\"@type\":\"Article\",\"@id\":\"https:\\\/\\\/aufersurfacetech.com\\\/fr\\\/contact\\\/#article\",\"isPartOf\":{\"@id\":\"https:\\\/\\\/aufersurfacetech.com\\\/fr\\\/contact\\\/\"},\"author\":{\"name\":\"admin\",\"@id\":\"https:\\\/\\\/aufersurfacetech.com\\\/fr\\\/#\\\/schema\\\/person\\\/18aa42859e27b85873c3e524660a1477\"},\"headline\":\"Contact\",\"datePublished\":\"2026-03-24T23:52:10+00:00\",\"dateModified\":\"2026-05-01T15:05:26+00:00\",\"mainEntityOfPage\":{\"@id\":\"https:\\\/\\\/aufersurfacetech.com\\\/fr\\\/contact\\\/\"},\"wordCount\":229,\"publisher\":{\"@id\":\"https:\\\/\\\/aufersurfacetech.com\\\/fr\\\/#organization\"},\"image\":{\"@id\":\"https:\\\/\\\/aufersurfacetech.com\\\/fr\\\/contact\\\/#primaryimage\"},\"thumbnailUrl\":\"https:\\\/\\\/aufersurfacetech.com\\\/wp-content\\\/uploads\\\/2026\\\/03\\\/ChatGPT-Image-24-mar-2026-22_47_27.webp\",\"inLanguage\":\"fr-FR\"},{\"@type\":\"WebPage\",\"@id\":\"https:\\\/\\\/aufersurfacetech.com\\\/fr\\\/contact\\\/\",\"url\":\"https:\\\/\\\/aufersurfacetech.com\\\/fr\\\/contact\\\/\",\"name\":\"Contact | Syst\u00e8mes de traitement de surface plasma et corona\",\"isPartOf\":{\"@id\":\"https:\\\/\\\/aufersurfacetech.com\\\/fr\\\/#website\"},\"primaryImageOfPage\":{\"@id\":\"https:\\\/\\\/aufersurfacetech.com\\\/fr\\\/contact\\\/#primaryimage\"},\"image\":{\"@id\":\"https:\\\/\\\/aufersurfacetech.com\\\/fr\\\/contact\\\/#primaryimage\"},\"thumbnailUrl\":\"https:\\\/\\\/aufersurfacetech.com\\\/wp-content\\\/uploads\\\/2026\\\/03\\\/ChatGPT-Image-24-mar-2026-22_47_27.webp\",\"datePublished\":\"2026-03-24T23:52:10+00:00\",\"dateModified\":\"2026-05-01T15:05:26+00:00\",\"description\":\"Contactez notre \u00e9quipe pour des solutions industrielles de traitement de surface utilisant des syst\u00e8mes plasma et corona.\",\"breadcrumb\":{\"@id\":\"https:\\\/\\\/aufersurfacetech.com\\\/fr\\\/contact\\\/#breadcrumb\"},\"inLanguage\":\"fr-FR\",\"potentialAction\":[{\"@type\":\"ReadAction\",\"target\":[\"https:\\\/\\\/aufersurfacetech.com\\\/fr\\\/contact\\\/\"]}]},{\"@type\":\"ImageObject\",\"inLanguage\":\"fr-FR\",\"@id\":\"https:\\\/\\\/aufersurfacetech.com\\\/fr\\\/contact\\\/#primaryimage\",\"url\":\"https:\\\/\\\/aufersurfacetech.com\\\/wp-content\\\/uploads\\\/2026\\\/03\\\/ChatGPT-Image-24-mar-2026-22_47_27.webp\",\"contentUrl\":\"https:\\\/\\\/aufersurfacetech.com\\\/wp-content\\\/uploads\\\/2026\\\/03\\\/ChatGPT-Image-24-mar-2026-22_47_27.webp\"},{\"@type\":\"BreadcrumbList\",\"@id\":\"https:\\\/\\\/aufersurfacetech.com\\\/fr\\\/contact\\\/#breadcrumb\",\"itemListElement\":[{\"@type\":\"ListItem\",\"position\":1,\"name\":\"Portada\",\"item\":\"https:\\\/\\\/aufersurfacetech.com\\\/fr\\\/\"},{\"@type\":\"ListItem\",\"position\":2,\"name\":\"Contact\"}]},{\"@type\":\"WebSite\",\"@id\":\"https:\\\/\\\/aufersurfacetech.com\\\/fr\\\/#website\",\"url\":\"https:\\\/\\\/aufersurfacetech.com\\\/fr\\\/\",\"name\":\"Aufer Surface Tech\",\"description\":\"Tratamiento de superficies corona y plasma\",\"publisher\":{\"@id\":\"https:\\\/\\\/aufersurfacetech.com\\\/fr\\\/#organization\"},\"potentialAction\":[{\"@type\":\"SearchAction\",\"target\":{\"@type\":\"EntryPoint\",\"urlTemplate\":\"https:\\\/\\\/aufersurfacetech.com\\\/fr\\\/?s={search_term_string}\"},\"query-input\":{\"@type\":\"PropertyValueSpecification\",\"valueRequired\":true,\"valueName\":\"search_term_string\"}}],\"inLanguage\":\"fr-FR\"},{\"@type\":\"Organization\",\"@id\":\"https:\\\/\\\/aufersurfacetech.com\\\/fr\\\/#organization\",\"name\":\"Aufer Surface Tech\",\"url\":\"https:\\\/\\\/aufersurfacetech.com\\\/fr\\\/\",\"logo\":{\"@type\":\"ImageObject\",\"inLanguage\":\"fr-FR\",\"@id\":\"https:\\\/\\\/aufersurfacetech.com\\\/fr\\\/#\\\/schema\\\/logo\\\/image\\\/\",\"url\":\"https:\\\/\\\/aufersurfacetech.com\\\/wp-content\\\/uploads\\\/2026\\\/03\\\/cropped-aufer_logo_transparent.png\",\"contentUrl\":\"https:\\\/\\\/aufersurfacetech.com\\\/wp-content\\\/uploads\\\/2026\\\/03\\\/cropped-aufer_logo_transparent.png\",\"width\":2007,\"height\":668,\"caption\":\"Aufer Surface Tech\"},\"image\":{\"@id\":\"https:\\\/\\\/aufersurfacetech.com\\\/fr\\\/#\\\/schema\\\/logo\\\/image\\\/\"}},{\"@type\":\"Person\",\"@id\":\"https:\\\/\\\/aufersurfacetech.com\\\/fr\\\/#\\\/schema\\\/person\\\/18aa42859e27b85873c3e524660a1477\",\"name\":\"admin\",\"image\":{\"@type\":\"ImageObject\",\"inLanguage\":\"fr-FR\",\"@id\":\"https:\\\/\\\/secure.gravatar.com\\\/avatar\\\/7f6f52f2ad1ac664636cd8fac12884d756a225e9f7d0ca747b72b777b2a96f2a?s=96&d=mm&r=g\",\"url\":\"https:\\\/\\\/secure.gravatar.com\\\/avatar\\\/7f6f52f2ad1ac664636cd8fac12884d756a225e9f7d0ca747b72b777b2a96f2a?s=96&d=mm&r=g\",\"contentUrl\":\"https:\\\/\\\/secure.gravatar.com\\\/avatar\\\/7f6f52f2ad1ac664636cd8fac12884d756a225e9f7d0ca747b72b777b2a96f2a?s=96&d=mm&r=g\",\"caption\":\"admin\"},\"sameAs\":[\"https:\\\/\\\/aufersurfacetech.com\"],\"url\":\"https:\\\/\\\/aufersurfacetech.com\\\/fr\\\/author\\\/admin_yg18sihw\\\/\"}]}<\/script>\n<!-- \/ Yoast SEO Premium plugin. -->","yoast_head_json":{"title":"Contact | Syst\u00e8mes de traitement de surface plasma et corona","description":"Contactez notre \u00e9quipe pour des solutions industrielles de traitement de surface utilisant des syst\u00e8mes plasma et corona.","robots":{"index":"index","follow":"follow","max-snippet":"max-snippet:-1","max-image-preview":"max-image-preview:large","max-video-preview":"max-video-preview:-1"},"canonical":"https:\/\/aufersurfacetech.com\/fr\/contact\/","og_locale":"fr_FR","og_type":"article","og_title":"Contact","og_description":"Contactez notre \u00e9quipe pour des solutions industrielles de traitement de surface utilisant des syst\u00e8mes plasma et corona.","og_url":"https:\/\/aufersurfacetech.com\/fr\/contact\/","og_site_name":"Aufer Surface Tech","article_modified_time":"2026-05-01T15:05:26+00:00","og_image":[{"width":1536,"height":1024,"url":"https:\/\/aufersurfacetech.com\/wp-content\/uploads\/2026\/03\/ChatGPT-Image-24-mar-2026-22_47_27.webp","type":"image\/webp"}],"twitter_card":"summary_large_image","twitter_misc":{"Dur\u00e9e de lecture estim\u00e9e":"2 minutes"},"schema":{"@context":"https:\/\/schema.org","@graph":[{"@type":"Article","@id":"https:\/\/aufersurfacetech.com\/fr\/contact\/#article","isPartOf":{"@id":"https:\/\/aufersurfacetech.com\/fr\/contact\/"},"author":{"name":"admin","@id":"https:\/\/aufersurfacetech.com\/fr\/#\/schema\/person\/18aa42859e27b85873c3e524660a1477"},"headline":"Contact","datePublished":"2026-03-24T23:52:10+00:00","dateModified":"2026-05-01T15:05:26+00:00","mainEntityOfPage":{"@id":"https:\/\/aufersurfacetech.com\/fr\/contact\/"},"wordCount":229,"publisher":{"@id":"https:\/\/aufersurfacetech.com\/fr\/#organization"},"image":{"@id":"https:\/\/aufersurfacetech.com\/fr\/contact\/#primaryimage"},"thumbnailUrl":"https:\/\/aufersurfacetech.com\/wp-content\/uploads\/2026\/03\/ChatGPT-Image-24-mar-2026-22_47_27.webp","inLanguage":"fr-FR"},{"@type":"WebPage","@id":"https:\/\/aufersurfacetech.com\/fr\/contact\/","url":"https:\/\/aufersurfacetech.com\/fr\/contact\/","name":"Contact | Syst\u00e8mes de traitement de surface plasma et corona","isPartOf":{"@id":"https:\/\/aufersurfacetech.com\/fr\/#website"},"primaryImageOfPage":{"@id":"https:\/\/aufersurfacetech.com\/fr\/contact\/#primaryimage"},"image":{"@id":"https:\/\/aufersurfacetech.com\/fr\/contact\/#primaryimage"},"thumbnailUrl":"https:\/\/aufersurfacetech.com\/wp-content\/uploads\/2026\/03\/ChatGPT-Image-24-mar-2026-22_47_27.webp","datePublished":"2026-03-24T23:52:10+00:00","dateModified":"2026-05-01T15:05:26+00:00","description":"Contactez notre \u00e9quipe pour des solutions industrielles de traitement de surface utilisant des syst\u00e8mes plasma et corona.","breadcrumb":{"@id":"https:\/\/aufersurfacetech.com\/fr\/contact\/#breadcrumb"},"inLanguage":"fr-FR","potentialAction":[{"@type":"ReadAction","target":["https:\/\/aufersurfacetech.com\/fr\/contact\/"]}]},{"@type":"ImageObject","inLanguage":"fr-FR","@id":"https:\/\/aufersurfacetech.com\/fr\/contact\/#primaryimage","url":"https:\/\/aufersurfacetech.com\/wp-content\/uploads\/2026\/03\/ChatGPT-Image-24-mar-2026-22_47_27.webp","contentUrl":"https:\/\/aufersurfacetech.com\/wp-content\/uploads\/2026\/03\/ChatGPT-Image-24-mar-2026-22_47_27.webp"},{"@type":"BreadcrumbList","@id":"https:\/\/aufersurfacetech.com\/fr\/contact\/#breadcrumb","itemListElement":[{"@type":"ListItem","position":1,"name":"Portada","item":"https:\/\/aufersurfacetech.com\/fr\/"},{"@type":"ListItem","position":2,"name":"Contact"}]},{"@type":"WebSite","@id":"https:\/\/aufersurfacetech.com\/fr\/#website","url":"https:\/\/aufersurfacetech.com\/fr\/","name":"Aufer Surface Tech","description":"Tratamiento de superficies corona y plasma","publisher":{"@id":"https:\/\/aufersurfacetech.com\/fr\/#organization"},"potentialAction":[{"@type":"SearchAction","target":{"@type":"EntryPoint","urlTemplate":"https:\/\/aufersurfacetech.com\/fr\/?s={search_term_string}"},"query-input":{"@type":"PropertyValueSpecification","valueRequired":true,"valueName":"search_term_string"}}],"inLanguage":"fr-FR"},{"@type":"Organization","@id":"https:\/\/aufersurfacetech.com\/fr\/#organization","name":"Aufer Surface Tech","url":"https:\/\/aufersurfacetech.com\/fr\/","logo":{"@type":"ImageObject","inLanguage":"fr-FR","@id":"https:\/\/aufersurfacetech.com\/fr\/#\/schema\/logo\/image\/","url":"https:\/\/aufersurfacetech.com\/wp-content\/uploads\/2026\/03\/cropped-aufer_logo_transparent.png","contentUrl":"https:\/\/aufersurfacetech.com\/wp-content\/uploads\/2026\/03\/cropped-aufer_logo_transparent.png","width":2007,"height":668,"caption":"Aufer Surface Tech"},"image":{"@id":"https:\/\/aufersurfacetech.com\/fr\/#\/schema\/logo\/image\/"}},{"@type":"Person","@id":"https:\/\/aufersurfacetech.com\/fr\/#\/schema\/person\/18aa42859e27b85873c3e524660a1477","name":"admin","image":{"@type":"ImageObject","inLanguage":"fr-FR","@id":"https:\/\/secure.gravatar.com\/avatar\/7f6f52f2ad1ac664636cd8fac12884d756a225e9f7d0ca747b72b777b2a96f2a?s=96&d=mm&r=g","url":"https:\/\/secure.gravatar.com\/avatar\/7f6f52f2ad1ac664636cd8fac12884d756a225e9f7d0ca747b72b777b2a96f2a?s=96&d=mm&r=g","contentUrl":"https:\/\/secure.gravatar.com\/avatar\/7f6f52f2ad1ac664636cd8fac12884d756a225e9f7d0ca747b72b777b2a96f2a?s=96&d=mm&r=g","caption":"admin"},"sameAs":["https:\/\/aufersurfacetech.com"],"url":"https:\/\/aufersurfacetech.com\/fr\/author\/admin_yg18sihw\/"}]}},"_links":{"self":[{"href":"https:\/\/aufersurfacetech.com\/fr\/wp-json\/wp\/v2\/pages\/2092","targetHints":{"allow":["GET"]}}],"collection":[{"href":"https:\/\/aufersurfacetech.com\/fr\/wp-json\/wp\/v2\/pages"}],"about":[{"href":"https:\/\/aufersurfacetech.com\/fr\/wp-json\/wp\/v2\/types\/page"}],"author":[{"embeddable":true,"href":"https:\/\/aufersurfacetech.com\/fr\/wp-json\/wp\/v2\/users\/1"}],"replies":[{"embeddable":true,"href":"https:\/\/aufersurfacetech.com\/fr\/wp-json\/wp\/v2\/comments?post=2092"}],"version-history":[{"count":29,"href":"https:\/\/aufersurfacetech.com\/fr\/wp-json\/wp\/v2\/pages\/2092\/revisions"}],"predecessor-version":[{"id":2542,"href":"https:\/\/aufersurfacetech.com\/fr\/wp-json\/wp\/v2\/pages\/2092\/revisions\/2542"}],"wp:attachment":[{"href":"https:\/\/aufersurfacetech.com\/fr\/wp-json\/wp\/v2\/media?parent=2092"}],"curies":[{"name":"wp","href":"https:\/\/api.w.org\/{rel}","templated":true}]}}